{"id":307,"date":"2017-03-21T16:11:28","date_gmt":"2017-03-21T15:11:28","guid":{"rendered":"http:\/\/www.le-cochon-embouteille.be\/restaurant-le-cochon-embouteille-hombourg\/"},"modified":"2017-12-12T11:14:18","modified_gmt":"2017-12-12T10:14:18","slug":"restaurant-le-cochon-embouteille-hombourg","status":"publish","type":"page","link":"https:\/\/www.le-cochon-embouteille.be\/de\/restaurant-le-cochon-embouteille-hombourg\/","title":{"rendered":"Le cochon embouteill\u00e9"},"content":{"rendered":"<p><img loading=\"lazy\" decoding=\"async\" class=\"img-responsive alignnone wp-image-91 size-large\" src=\"https:\/\/www.le-cochon-embouteille.be\/wp-content\/uploads\/2017\/11\/restaurant-hombourg-le-cochon-embouteille-31-1024x682.jpg\" alt=\"\" width=\"1024\" height=\"682\" srcset=\"https:\/\/www.le-cochon-embouteille.be\/wp-content\/uploads\/2017\/11\/restaurant-hombourg-le-cochon-embouteille-31-1024x682.jpg 1024w, https:\/\/www.le-cochon-embouteille.be\/wp-content\/uploads\/2017\/11\/restaurant-hombourg-le-cochon-embouteille-31-300x200.jpg 300w, https:\/\/www.le-cochon-embouteille.be\/wp-content\/uploads\/2017\/11\/restaurant-hombourg-le-cochon-embouteille-31-768x512.jpg 768w, https:\/\/www.le-cochon-embouteille.be\/wp-content\/uploads\/2017\/11\/restaurant-hombourg-le-cochon-embouteille-31.jpg 2000w\" sizes=\"auto, (max-width: 1024px) 100vw, 1024px\" \/><\/p>\n<p>Seit April 2017 lassen Thierry und Sandra Vanbrabant-Fassotte das Restaurant hinter der Kirche von Hombourg wieder aufleben.<\/p>\n<p>Zusammen mit Ihrem freundlichen Team empfangen sie Sie in einem der \u00e4ltesten H\u00e4user des Dorfs und bieten Ihnen sogenannte \u201etraditionelle\u201c Speisen an, die sie zusammenstellen und im Rahmen des M\u00f6glichen mit lokalen Produkten zubereitet werden.<\/p>\n<p>Entsprechend dem Service sind auch Wahlmen\u00fcs und Anregungen je nach Saison und Wunsch m\u00f6glich, sodass f\u00fcr jeden etwas dabei ist.<\/p>\n<p>Dieses charmante Anwesen, das im Jahr 1747 erbaut wurde und sich mitten im Herzen des Herver Lands, 5\u00a0Minuten von Aubel und Henri-Chapelle entfernt, befindet, ist in mehrere freundliche kleine S\u00e4le unterteilt und verf\u00fcgt \u00fcber eine sonnige Terrasse, auf der Sie Ihre Speisen, aber auch Bier aus der dorfeigenen Brauerei und eine Auswahl an Weinen im Glas genie\u00dfen k\u00f6nnen.<\/p>\n","protected":false},"excerpt":{"rendered":"<p>Seit April 2017 lassen Thierry und Sandra Vanbrabant-Fassotte das Restaurant hinter der Kirche von Hombourg wieder aufleben. Zusammen mit Ihrem freundlichen Team empfangen sie Sie in einem der \u00e4ltesten H\u00e4user des Dorfs und bieten Ihnen sogenannte \u201etraditionelle\u201c Speisen an, die sie zusammenstellen und im Rahmen des M\u00f6glichen mit lokalen Produkten zubereitet werden. Entsprechend dem Service [&hellip;]<\/p>\n","protected":false},"author":1,"featured_media":152,"parent":0,"menu_order":4,"comment_status":"closed","ping_status":"closed","template":"","meta":{"_acf_changed":false,"footnotes":""},"class_list":["post-307","page","type-page","status-publish","has-post-thumbnail","hentry"],"acf":[],"yoast_head":"<!-- This site is optimized with the Yoast SEO plugin v27.4 - https:\/\/yoast.com\/product\/yoast-seo-wordpress\/ -->\n<title>Restaurant Le Cochon embouteill\u00e9 in Hombourg - Regionale K\u00fcche<\/title>\n<meta name=\"description\" content=\"Restaurant Le Cochon embouteill\u00e9 in Hombourg. Chefkoch Thierry Vanbrabant verw\u00f6hnt Sie hier mit Hausmannskost aus der Gegend und dem Herzen, dank einer Mischung aus regionalen Produkten &amp; Kreativit\u00e4t.\" \/>\n<meta name=\"robots\" content=\"index, follow, max-snippet:-1, max-image-preview:large, max-video-preview:-1\" \/>\n<link rel=\"canonical\" href=\"https:\/\/www.le-cochon-embouteille.be\/de\/restaurant-le-cochon-embouteille-hombourg\/\" \/>\n<meta property=\"og:locale\" content=\"de_DE\" \/>\n<meta property=\"og:type\" content=\"article\" \/>\n<meta property=\"og:title\" content=\"Restaurant Le Cochon embouteill\u00e9 in Hombourg - Regionale K\u00fcche\" \/>\n<meta property=\"og:description\" content=\"Restaurant Le Cochon embouteill\u00e9 in Hombourg. Chefkoch Thierry Vanbrabant verw\u00f6hnt Sie hier mit Hausmannskost aus der Gegend und dem Herzen, dank einer Mischung aus regionalen Produkten &amp; Kreativit\u00e4t.\" \/>\n<meta property=\"og:url\" content=\"https:\/\/www.le-cochon-embouteille.be\/de\/restaurant-le-cochon-embouteille-hombourg\/\" \/>\n<meta property=\"og:site_name\" content=\"Cochon Embouteill\u00e9\" \/>\n<meta property=\"article:modified_time\" content=\"2017-12-12T10:14:18+00:00\" \/>\n<meta property=\"og:image\" content=\"https:\/\/www.le-cochon-embouteille.be\/wp-content\/uploads\/2017\/11\/photo-facebook.jpg\" \/>\n\t<meta property=\"og:image:width\" content=\"1200\" \/>\n\t<meta property=\"og:image:height\" content=\"630\" \/>\n\t<meta property=\"og:image:type\" content=\"image\/jpeg\" \/>\n<meta name=\"twitter:card\" content=\"summary_large_image\" \/>\n<meta name=\"twitter:label1\" content=\"Gesch\u00e4tzte Lesezeit\" \/>\n\t<meta name=\"twitter:data1\" content=\"1\u00a0Minute\" \/>\n<script type=\"application\/ld+json\" class=\"yoast-schema-graph\">{\"@context\":\"https:\\\/\\\/schema.org\",\"@graph\":[{\"@type\":\"WebPage\",\"@id\":\"https:\\\/\\\/www.le-cochon-embouteille.be\\\/de\\\/restaurant-le-cochon-embouteille-hombourg\\\/\",\"url\":\"https:\\\/\\\/www.le-cochon-embouteille.be\\\/de\\\/restaurant-le-cochon-embouteille-hombourg\\\/\",\"name\":\"Restaurant Le Cochon embouteill\u00e9 in Hombourg - Regionale K\u00fcche\",\"isPartOf\":{\"@id\":\"https:\\\/\\\/www.le-cochon-embouteille.be\\\/#website\"},\"primaryImageOfPage\":{\"@id\":\"https:\\\/\\\/www.le-cochon-embouteille.be\\\/de\\\/restaurant-le-cochon-embouteille-hombourg\\\/#primaryimage\"},\"image\":{\"@id\":\"https:\\\/\\\/www.le-cochon-embouteille.be\\\/de\\\/restaurant-le-cochon-embouteille-hombourg\\\/#primaryimage\"},\"thumbnailUrl\":\"https:\\\/\\\/www.le-cochon-embouteille.be\\\/wp-content\\\/uploads\\\/2017\\\/03\\\/photo-pave-restaurant.jpg\",\"datePublished\":\"2017-03-21T15:11:28+00:00\",\"dateModified\":\"2017-12-12T10:14:18+00:00\",\"description\":\"Restaurant Le Cochon embouteill\u00e9 in Hombourg. Chefkoch Thierry Vanbrabant verw\u00f6hnt Sie hier mit Hausmannskost aus der Gegend und dem Herzen, dank einer Mischung aus regionalen Produkten & Kreativit\u00e4t.\",\"breadcrumb\":{\"@id\":\"https:\\\/\\\/www.le-cochon-embouteille.be\\\/de\\\/restaurant-le-cochon-embouteille-hombourg\\\/#breadcrumb\"},\"inLanguage\":\"de\",\"potentialAction\":[{\"@type\":\"ReadAction\",\"target\":[\"https:\\\/\\\/www.le-cochon-embouteille.be\\\/de\\\/restaurant-le-cochon-embouteille-hombourg\\\/\"]}]},{\"@type\":\"ImageObject\",\"inLanguage\":\"de\",\"@id\":\"https:\\\/\\\/www.le-cochon-embouteille.be\\\/de\\\/restaurant-le-cochon-embouteille-hombourg\\\/#primaryimage\",\"url\":\"https:\\\/\\\/www.le-cochon-embouteille.be\\\/wp-content\\\/uploads\\\/2017\\\/03\\\/photo-pave-restaurant.jpg\",\"contentUrl\":\"https:\\\/\\\/www.le-cochon-embouteille.be\\\/wp-content\\\/uploads\\\/2017\\\/03\\\/photo-pave-restaurant.jpg\",\"width\":2919,\"height\":2307},{\"@type\":\"BreadcrumbList\",\"@id\":\"https:\\\/\\\/www.le-cochon-embouteille.be\\\/de\\\/restaurant-le-cochon-embouteille-hombourg\\\/#breadcrumb\",\"itemListElement\":[{\"@type\":\"ListItem\",\"position\":1,\"name\":\"Accueil\",\"item\":\"https:\\\/\\\/www.le-cochon-embouteille.be\\\/de\\\/\"},{\"@type\":\"ListItem\",\"position\":2,\"name\":\"Le cochon embouteill\u00e9\"}]},{\"@type\":\"WebSite\",\"@id\":\"https:\\\/\\\/www.le-cochon-embouteille.be\\\/#website\",\"url\":\"https:\\\/\\\/www.le-cochon-embouteille.be\\\/\",\"name\":\"Cochon Embouteill\u00e9\",\"description\":\"\",\"potentialAction\":[{\"@type\":\"SearchAction\",\"target\":{\"@type\":\"EntryPoint\",\"urlTemplate\":\"https:\\\/\\\/www.le-cochon-embouteille.be\\\/?s={search_term_string}\"},\"query-input\":{\"@type\":\"PropertyValueSpecification\",\"valueRequired\":true,\"valueName\":\"search_term_string\"}}],\"inLanguage\":\"de\"}]}<\/script>\n<!-- \/ Yoast SEO plugin. -->","yoast_head_json":{"title":"Restaurant Le Cochon embouteill\u00e9 in Hombourg - Regionale K\u00fcche","description":"Restaurant Le Cochon embouteill\u00e9 in Hombourg. Chefkoch Thierry Vanbrabant verw\u00f6hnt Sie hier mit Hausmannskost aus der Gegend und dem Herzen, dank einer Mischung aus regionalen Produkten & Kreativit\u00e4t.","robots":{"index":"index","follow":"follow","max-snippet":"max-snippet:-1","max-image-preview":"max-image-preview:large","max-video-preview":"max-video-preview:-1"},"canonical":"https:\/\/www.le-cochon-embouteille.be\/de\/restaurant-le-cochon-embouteille-hombourg\/","og_locale":"de_DE","og_type":"article","og_title":"Restaurant Le Cochon embouteill\u00e9 in Hombourg - Regionale K\u00fcche","og_description":"Restaurant Le Cochon embouteill\u00e9 in Hombourg. Chefkoch Thierry Vanbrabant verw\u00f6hnt Sie hier mit Hausmannskost aus der Gegend und dem Herzen, dank einer Mischung aus regionalen Produkten & Kreativit\u00e4t.","og_url":"https:\/\/www.le-cochon-embouteille.be\/de\/restaurant-le-cochon-embouteille-hombourg\/","og_site_name":"Cochon Embouteill\u00e9","article_modified_time":"2017-12-12T10:14:18+00:00","og_image":[{"width":1200,"height":630,"url":"https:\/\/www.le-cochon-embouteille.be\/wp-content\/uploads\/2017\/11\/photo-facebook.jpg","type":"image\/jpeg"}],"twitter_card":"summary_large_image","twitter_misc":{"Gesch\u00e4tzte Lesezeit":"1\u00a0Minute"},"schema":{"@context":"https:\/\/schema.org","@graph":[{"@type":"WebPage","@id":"https:\/\/www.le-cochon-embouteille.be\/de\/restaurant-le-cochon-embouteille-hombourg\/","url":"https:\/\/www.le-cochon-embouteille.be\/de\/restaurant-le-cochon-embouteille-hombourg\/","name":"Restaurant Le Cochon embouteill\u00e9 in Hombourg - Regionale K\u00fcche","isPartOf":{"@id":"https:\/\/www.le-cochon-embouteille.be\/#website"},"primaryImageOfPage":{"@id":"https:\/\/www.le-cochon-embouteille.be\/de\/restaurant-le-cochon-embouteille-hombourg\/#primaryimage"},"image":{"@id":"https:\/\/www.le-cochon-embouteille.be\/de\/restaurant-le-cochon-embouteille-hombourg\/#primaryimage"},"thumbnailUrl":"https:\/\/www.le-cochon-embouteille.be\/wp-content\/uploads\/2017\/03\/photo-pave-restaurant.jpg","datePublished":"2017-03-21T15:11:28+00:00","dateModified":"2017-12-12T10:14:18+00:00","description":"Restaurant Le Cochon embouteill\u00e9 in Hombourg. Chefkoch Thierry Vanbrabant verw\u00f6hnt Sie hier mit Hausmannskost aus der Gegend und dem Herzen, dank einer Mischung aus regionalen Produkten & Kreativit\u00e4t.","breadcrumb":{"@id":"https:\/\/www.le-cochon-embouteille.be\/de\/restaurant-le-cochon-embouteille-hombourg\/#breadcrumb"},"inLanguage":"de","potentialAction":[{"@type":"ReadAction","target":["https:\/\/www.le-cochon-embouteille.be\/de\/restaurant-le-cochon-embouteille-hombourg\/"]}]},{"@type":"ImageObject","inLanguage":"de","@id":"https:\/\/www.le-cochon-embouteille.be\/de\/restaurant-le-cochon-embouteille-hombourg\/#primaryimage","url":"https:\/\/www.le-cochon-embouteille.be\/wp-content\/uploads\/2017\/03\/photo-pave-restaurant.jpg","contentUrl":"https:\/\/www.le-cochon-embouteille.be\/wp-content\/uploads\/2017\/03\/photo-pave-restaurant.jpg","width":2919,"height":2307},{"@type":"BreadcrumbList","@id":"https:\/\/www.le-cochon-embouteille.be\/de\/restaurant-le-cochon-embouteille-hombourg\/#breadcrumb","itemListElement":[{"@type":"ListItem","position":1,"name":"Accueil","item":"https:\/\/www.le-cochon-embouteille.be\/de\/"},{"@type":"ListItem","position":2,"name":"Le cochon embouteill\u00e9"}]},{"@type":"WebSite","@id":"https:\/\/www.le-cochon-embouteille.be\/#website","url":"https:\/\/www.le-cochon-embouteille.be\/","name":"Cochon Embouteill\u00e9","description":"","potentialAction":[{"@type":"SearchAction","target":{"@type":"EntryPoint","urlTemplate":"https:\/\/www.le-cochon-embouteille.be\/?s={search_term_string}"},"query-input":{"@type":"PropertyValueSpecification","valueRequired":true,"valueName":"search_term_string"}}],"inLanguage":"de"}]}},"_links":{"self":[{"href":"https:\/\/www.le-cochon-embouteille.be\/de\/wp-json\/wp\/v2\/pages\/307","targetHints":{"allow":["GET"]}}],"collection":[{"href":"https:\/\/www.le-cochon-embouteille.be\/de\/wp-json\/wp\/v2\/pages"}],"about":[{"href":"https:\/\/www.le-cochon-embouteille.be\/de\/wp-json\/wp\/v2\/types\/page"}],"author":[{"embeddable":true,"href":"https:\/\/www.le-cochon-embouteille.be\/de\/wp-json\/wp\/v2\/users\/1"}],"replies":[{"embeddable":true,"href":"https:\/\/www.le-cochon-embouteille.be\/de\/wp-json\/wp\/v2\/comments?post=307"}],"version-history":[{"count":1,"href":"https:\/\/www.le-cochon-embouteille.be\/de\/wp-json\/wp\/v2\/pages\/307\/revisions"}],"predecessor-version":[{"id":308,"href":"https:\/\/www.le-cochon-embouteille.be\/de\/wp-json\/wp\/v2\/pages\/307\/revisions\/308"}],"wp:featuredmedia":[{"embeddable":true,"href":"https:\/\/www.le-cochon-embouteille.be\/de\/wp-json\/wp\/v2\/media\/152"}],"wp:attachment":[{"href":"https:\/\/www.le-cochon-embouteille.be\/de\/wp-json\/wp\/v2\/media?parent=307"}],"curies":[{"name":"wp","href":"https:\/\/api.w.org\/{rel}","templated":true}]}}